{"id":460,"date":"2026-03-15T14:41:57","date_gmt":"2026-03-15T17:41:57","guid":{"rendered":"https:\/\/thriveo.com.br\/?page_id=460"},"modified":"2026-03-16T09:20:04","modified_gmt":"2026-03-16T12:20:04","slug":"contato","status":"publish","type":"page","link":"https:\/\/thriveo.com.br\/?page_id=460","title":{"rendered":"Contato"},"content":{"rendered":"\t\t<div data-elementor-type=\"wp-page\" data-elementor-id=\"460\" class=\"elementor elementor-460\">\n\t\t\t\t<div class=\"elementor-element elementor-element-40233aa e-flex e-con-boxed e-con e-parent\" data-id=\"40233aa\" data-element_type=\"container\" data-e-type=\"container\">\n\t\t\t\t\t<div class=\"e-con-inner\">\n\t\t\t\t<div class=\"elementor-element elementor-element-0822561 elementor-widget elementor-widget-heading\" data-id=\"0822561\" data-element_type=\"widget\" data-e-type=\"widget\" data-widget_type=\"heading.default\">\n\t\t\t\t\t<h2 class=\"elementor-heading-title elementor-size-default\">Contato<\/h2>\t\t\t\t<\/div>\n\t\t\t\t\t<\/div>\n\t\t\t\t<\/div>\n\t\t<div class=\"elementor-element elementor-element-834b516 e-flex e-con-boxed e-con e-parent\" data-id=\"834b516\" data-element_type=\"container\" data-e-type=\"container\">\n\t\t\t\t\t<div class=\"e-con-inner\">\n\t\t\t\t<div class=\"elementor-element elementor-element-f5cfd4d elementor-widget elementor-widget-proftest_contact\" data-id=\"f5cfd4d\" data-element_type=\"widget\" data-e-type=\"widget\" data-widget_type=\"proftest_contact.default\">\n\t\t\t\t<div class=\"elementor-widget-container\">\n\t\t\t\t\t\n        <div class=\"proftest-contact-section\">\n            <div class=\"proftest-contact-container\">\n\n                <!-- COLUMN 1: INFO -->\n                <div class=\"contact-info-col\">\n                    <h2 class=\"contact-title\">Agende uma Demonstra\u00e7\u00e3o Gratuita<\/h2>\n                    <p class=\"contact-desc\">Veja na pr\u00e1tica como a Thriveo pode transformar sua gest\u00e3o de pessoas. Nossa equipe vai apresentar as solu\u00e7\u00f5es ideais para sua empresa.<\/p>\n\n                    <div class=\"contact-benefits\">\n                                                    <div class=\"benefit-item\">\n                                <div class=\"benefit-icon\">\n                                    <i class=\"fas fa-check\"><\/i>\n                                <\/div>\n                                <div class=\"benefit-text\">\n                                    <h4 class=\"benefit-title\">Demo Personalizada<\/h4>\n                                    <p class=\"benefit-desc\">Focada nas suas necessidades espec\u00edficas<\/p>\n                                <\/div>\n                            <\/div>\n                                                    <div class=\"benefit-item\">\n                                <div class=\"benefit-icon\">\n                                    <i class=\"fas fa-check\"><\/i>\n                                <\/div>\n                                <div class=\"benefit-text\">\n                                    <h4 class=\"benefit-title\">Sem Compromisso<\/h4>\n                                    <p class=\"benefit-desc\">Conhecer a plataforma \u00e9 totalmente gratuito<\/p>\n                                <\/div>\n                            <\/div>\n                                                    <div class=\"benefit-item\">\n                                <div class=\"benefit-icon\">\n                                    <i class=\"fas fa-check\"><\/i>\n                                <\/div>\n                                <div class=\"benefit-text\">\n                                    <h4 class=\"benefit-title\">Proposta em 24h<\/h4>\n                                    <p class=\"benefit-desc\">Receba uma proposta personalizada rapidamente<\/p>\n                                <\/div>\n                            <\/div>\n                                            <\/div>\n\n                    <div class=\"contact-direct\">\n                        <p class=\"direct-subtitle\">Ou entre em contato direto:<\/p>\n\n                                                    <div class=\"direct-item\">\n                                <i class=\"fas fa-phone-alt\"><\/i>\n                                <span>(11) 99737-1802<\/span>\n                            <\/div>\n                        \n                                                    <div class=\"direct-item\">\n                                <i class=\"fas fa-envelope\"><\/i>\n                                <span>contato@thriveo.com.br<\/span>\n                            <\/div>\n                        \n                                                    <a href=\"#\" class=\"whatsapp-btn\" >\n                                <i class=\"fab fa-whatsapp\"><\/i>\n                                WhatsApp                            <\/a>\n                                            <\/div>\n                <\/div>\n\n                <!-- COLUMN 2: FORM -->\n                <div class=\"contact-form-col\">\n                    <div class=\"form-wrapper\">\n                        \n<div class=\"wpcf7 no-js\" id=\"wpcf7-f36-o1\" lang=\"pt-BR\" dir=\"ltr\" data-wpcf7-id=\"36\">\n<div class=\"screen-reader-response\"><p role=\"status\" aria-live=\"polite\" aria-atomic=\"true\"><\/p> <ul><\/ul><\/div>\n<form action=\"\/index.php?rest_route=%2Fwp%2Fv2%2Fpages%2F460#wpcf7-f36-o1\" method=\"post\" class=\"wpcf7-form init\" aria-label=\"Formul\u00e1rios de contato\" novalidate=\"novalidate\" data-status=\"init\">\n<fieldset class=\"hidden-fields-container\"><input type=\"hidden\" name=\"_wpcf7\" value=\"36\" \/><input type=\"hidden\" name=\"_wpcf7_version\" value=\"6.1.5\" \/><input type=\"hidden\" name=\"_wpcf7_locale\" value=\"pt_BR\" \/><input type=\"hidden\" name=\"_wpcf7_unit_tag\" value=\"wpcf7-f36-o1\" \/><input type=\"hidden\" name=\"_wpcf7_container_post\" value=\"0\" \/><input type=\"hidden\" name=\"_wpcf7_posted_data_hash\" value=\"\" \/>\n<\/fieldset>\n<div class=\"contact-form\">\n\t<div class=\"form-group\">\n\t\t<p><label for=\"name\">Nome Completo *<\/label><br \/>\n<span class=\"wpcf7-form-control-wrap\" data-name=\"your-name\"><input size=\"40\" maxlength=\"400\" class=\"wpcf7-form-control wpcf7-text wpcf7-validates-as-required\" id=\"name\" aria-required=\"true\" aria-invalid=\"false\" placeholder=\"Seu nome\" value=\"\" type=\"text\" name=\"your-name\" \/><\/span>\n\t\t<\/p>\n\t<\/div>\n\t<div class=\"form-row\">\n\t\t<div class=\"form-group\">\n\t\t\t<p><label for=\"email\">E-mail Corporativo *<\/label><br \/>\n<span class=\"wpcf7-form-control-wrap\" data-name=\"your-email\"><input size=\"40\" maxlength=\"400\" class=\"wpcf7-form-control wpcf7-email wpcf7-validates-as-required wpcf7-text wpcf7-validates-as-email\" id=\"email\" aria-required=\"true\" aria-invalid=\"false\" placeholder=\"seu@email.com\" value=\"\" type=\"email\" name=\"your-email\" \/><\/span>\n\t\t\t<\/p>\n\t\t<\/div>\n\t\t<div class=\"form-group\">\n\t\t\t<p><label for=\"phone\">Telefone *<\/label><br \/>\n<span class=\"wpcf7-form-control-wrap\" data-name=\"your-phone\"><input size=\"40\" maxlength=\"400\" class=\"wpcf7-form-control wpcf7-tel wpcf7-validates-as-required wpcf7-text wpcf7-validates-as-tel\" id=\"phone\" aria-required=\"true\" aria-invalid=\"false\" placeholder=\"(11) 99999-9999\" value=\"\" type=\"tel\" name=\"your-phone\" \/><\/span>\n\t\t\t<\/p>\n\t\t<\/div>\n\t<\/div>\n\t<div class=\"form-row\">\n\t\t<div class=\"form-group\">\n\t\t\t<p><label for=\"company\">Empresa *<\/label><br \/>\n<span class=\"wpcf7-form-control-wrap\" data-name=\"your-company\"><input size=\"40\" maxlength=\"400\" class=\"wpcf7-form-control wpcf7-text wpcf7-validates-as-required\" id=\"company\" aria-required=\"true\" aria-invalid=\"false\" placeholder=\"Nome da empresa\" value=\"\" type=\"text\" name=\"your-company\" \/><\/span>\n\t\t\t<\/p>\n\t\t<\/div>\n\t\t<div class=\"form-group\">\n\t\t\t<p><label for=\"employees\">N\u00ba de Colaboradores<\/label><br \/>\n<span class=\"wpcf7-form-control-wrap\" data-name=\"your-employees\"><select class=\"wpcf7-form-control wpcf7-select\" id=\"employees\" aria-invalid=\"false\" name=\"your-employees\"><option value=\"Selecione\">Selecione<\/option><option value=\"1-50\">1-50<\/option><option value=\"51-200\">51-200<\/option><option value=\"201-500\">201-500<\/option><option value=\"501-1000\">501-1000<\/option><option value=\"Mais de 1000\">Mais de 1000<\/option><\/select><\/span>\n\t\t\t<\/p>\n\t\t<\/div>\n\t<\/div>\n\t<div class=\"form-group\">\n\t\t<p><label for=\"interest\">Principal Interesse *<\/label><br \/>\n<span class=\"wpcf7-form-control-wrap\" data-name=\"your-interest\"><select class=\"wpcf7-form-control wpcf7-select wpcf7-validates-as-required\" id=\"interest\" aria-required=\"true\" aria-invalid=\"false\" name=\"your-interest\"><option value=\"Recrutamento e Sele\u00e7\u00e3o\">Recrutamento e Sele\u00e7\u00e3o<\/option><option value=\"Avalia\u00e7\u00e3o de Desempenho\">Avalia\u00e7\u00e3o de Desempenho<\/option><option value=\"Desenvolvimento e PDI\">Desenvolvimento e PDI<\/option><option value=\"Clima Organizacional\">Clima Organizacional<\/option><option value=\"OKR e Gest\u00e3o de Performance\">OKR e Gest\u00e3o de Performance<\/option><option value=\"Plataforma Completa\">Plataforma Completa<\/option><option value=\"Outro\">Outro<\/option><\/select><\/span>\n\t\t<\/p>\n\t<\/div>\n\t<div class=\"form-group\">\n\t\t<p><label for=\"message\">Mensagem (Opcional)<\/label><br \/>\n<span class=\"wpcf7-form-control-wrap\" data-name=\"your-message\"><textarea cols=\"40\" rows=\"4\" maxlength=\"2000\" class=\"wpcf7-form-control wpcf7-textarea\" id=\"message\" aria-invalid=\"false\" placeholder=\"Conte-nos mais sobre suas necessidades...\" name=\"your-message\"><\/textarea><\/span>\n\t\t<\/p>\n\t<\/div>\n\t<div class=\"form-group checkbox-group\">\n\t\t<p><span class=\"wpcf7-form-control-wrap\" data-name=\"your-consent\"><span class=\"wpcf7-form-control wpcf7-acceptance\"><span class=\"wpcf7-list-item\"><label><input type=\"checkbox\" name=\"your-consent\" value=\"1\" aria-invalid=\"false\" \/><span class=\"wpcf7-list-item-label\">Aceito receber comunica\u00e7\u00f5es da TestProf sobre produtos e servi\u00e7os<\/span><\/label><\/span><\/span><\/span>\n\t\t<\/p>\n\t<\/div>\n\t<p><button type=\"submit\" class=\"submit-btn\"><br \/>\n<span>Agendar Demonstra\u00e7\u00e3o Gratuita<\/span><br \/>\n<svg width=\"20\" height=\"20\" viewBox=\"0 0 24 24\" fill=\"none\" stroke=\"currentColor\" stroke-width=\"2\">\n            <line x1=\"5\" y1=\"12\" x2=\"19\" y2=\"12\"\/>\n            <polyline points=\"12 5 19 12 12 19\"\/>\n        <\/svg><br \/>\n<\/button>\n\t<\/p>\n<\/div><div class=\"wpcf7-response-output\" aria-hidden=\"true\"><\/div>\n<\/form>\n<\/div>\n\n                        <div class=\"form-footer-lock\">\n                            <i class=\"fas fa-lock\"><\/i> Seus dados est\u00e3o seguros. Respeitamos sua privacidade conforme a LGPD.\n                        <\/div>\n                    <\/div>\n                <\/div>\n\n            <\/div>\n        <\/div>\n\n        \t\t\t\t<\/div>\n\t\t\t\t<\/div>\n\t\t\t\t\t<\/div>\n\t\t\t\t<\/div>\n\t\t\t\t<\/div>\n\t\t","protected":false},"excerpt":{"rendered":"<p>Contato Agende uma Demonstra\u00e7\u00e3o Gratuita Veja na pr\u00e1tica como a Thriveo pode transformar sua gest\u00e3o de pessoas. Nossa equipe vai apresentar as solu\u00e7\u00f5es ideais para sua empresa. Demo Personalizada Focada nas suas necessidades espec\u00edficas Sem Compromisso Conhecer a plataforma \u00e9 totalmente gratuito Proposta em 24h Receba uma proposta personalizada rapidamente Ou entre em contato direto: [&hellip;]<\/p>\n","protected":false},"author":1,"featured_media":0,"parent":0,"menu_order":0,"comment_status":"closed","ping_status":"closed","template":"","meta":{"footnotes":""},"class_list":["post-460","page","type-page","status-publish","hentry"],"_links":{"self":[{"href":"https:\/\/thriveo.com.br\/index.php?rest_route=\/wp\/v2\/pages\/460","targetHints":{"allow":["GET"]}}],"collection":[{"href":"https:\/\/thriveo.com.br\/index.php?rest_route=\/wp\/v2\/pages"}],"about":[{"href":"https:\/\/thriveo.com.br\/index.php?rest_route=\/wp\/v2\/types\/page"}],"author":[{"embeddable":true,"href":"https:\/\/thriveo.com.br\/index.php?rest_route=\/wp\/v2\/users\/1"}],"replies":[{"embeddable":true,"href":"https:\/\/thriveo.com.br\/index.php?rest_route=%2Fwp%2Fv2%2Fcomments&post=460"}],"version-history":[{"count":10,"href":"https:\/\/thriveo.com.br\/index.php?rest_route=\/wp\/v2\/pages\/460\/revisions"}],"predecessor-version":[{"id":482,"href":"https:\/\/thriveo.com.br\/index.php?rest_route=\/wp\/v2\/pages\/460\/revisions\/482"}],"wp:attachment":[{"href":"https:\/\/thriveo.com.br\/index.php?rest_route=%2Fwp%2Fv2%2Fmedia&parent=460"}],"curies":[{"name":"wp","href":"https:\/\/api.w.org\/{rel}","templated":true}]}}